{"id":962,"date":"2020-07-04T11:48:19","date_gmt":"2020-07-04T14:48:19","guid":{"rendered":"http:\/\/altolim.com.br\/site?page_id=962"},"modified":"2021-04-13T17:59:49","modified_gmt":"2021-04-13T20:59:49","slug":"distribuidores","status":"publish","type":"page","link":"http:\/\/altolim.com.br\/site\/index.php\/distribuidores\/","title":{"rendered":"Distribuidores"},"content":{"rendered":"\t\t<div data-elementor-type=\"wp-page\" data-elementor-id=\"962\" class=\"elementor elementor-962\" data-elementor-settings=\"[]\">\n\t\t\t<div class=\"elementor-inner\">\n\t\t\t\t<div class=\"elementor-section-wrap\">\n\t\t\t\t\t\t\t<section class=\"elementor-element elementor-element-2950d75 elementor-section-stretched elementor-section-boxed elementor-section-height-default elementor-section-height-default elementor-section elementor-top-section\" data-id=\"2950d75\" data-element_type=\"section\" data-settings=\"{&quot;stretch_section&quot;:&quot;section-stretched&quot;}\">\n\t\t\t\t\t\t<div class=\"elementor-container elementor-column-gap-default\">\n\t\t\t\t<div class=\"elementor-row\">\n\t\t\t\t<div class=\"elementor-element elementor-element-995a745 elementor-column elementor-col-100 elementor-top-column\" data-id=\"995a745\" data-element_type=\"column\">\n\t\t\t<div class=\"elementor-column-wrap  elementor-element-populated\">\n\t\t\t\t\t<div class=\"elementor-widget-wrap\">\n\t\t\t\t<div class=\"elementor-element elementor-element-0df7635 elementor-invisible elementor-widget elementor-widget-heading\" data-id=\"0df7635\" data-element_type=\"widget\" data-settings=\"{&quot;_animation&quot;:&quot;fadeIn&quot;}\" data-widget_type=\"heading.default\">\n\t\t\t\t<div class=\"elementor-widget-container\">\n\t\t\t<h1 class=\"elementor-heading-title elementor-size-default\">Encontre um distribuidor mais pr\u00f3ximo de voc\u00ea<\/h1>\t\t<\/div>\n\t\t\t\t<\/div>\n\t\t\t\t<div class=\"elementor-element elementor-element-9b540ea elementor-widget elementor-widget-accordion\" data-id=\"9b540ea\" data-element_type=\"widget\" data-widget_type=\"accordion.default\">\n\t\t\t\t<div class=\"elementor-widget-container\">\n\t\t\t\t\t<div class=\"elementor-accordion\" role=\"tablist\">\n\t\t\t\t\t\t\t<div class=\"elementor-accordion-item\">\n\t\t\t\t\t<div id=\"elementor-tab-title-1621\" class=\"elementor-tab-title\" data-tab=\"1\" role=\"tab\" aria-controls=\"elementor-tab-content-1621\">\n\t\t\t\t\t\t\t\t\t\t\t\t\t<span class=\"elementor-accordion-icon elementor-accordion-icon-left\" aria-hidden=\"true\">\n\t\t\t\t\t\t\t\t\t\t\t\t\t\t\t<span class=\"elementor-accordion-icon-closed\"><i class=\"fas fa-plus\"><\/i><\/span>\n\t\t\t\t\t\t\t\t<span class=\"elementor-accordion-icon-opened\"><i class=\"fas fa-minus\"><\/i><\/span>\n\t\t\t\t\t\t\t\t\t\t\t\t\t\t<\/span>\n\t\t\t\t\t\t\t\t\t\t\t\t<a class=\"elementor-accordion-title\" href=\"\">S\u00e3o Paulo<\/a>\n\t\t\t\t\t<\/div>\n\t\t\t\t\t<div id=\"elementor-tab-content-1621\" class=\"elementor-tab-content elementor-clearfix\" data-tab=\"1\" role=\"tabpanel\" aria-labelledby=\"elementor-tab-title-1621\"><p>Lista de Distribuidores S\u00e3o Paulo<\/p><\/div>\n\t\t\t\t<\/div>\n\t\t\t\t\t\t\t<div class=\"elementor-accordion-item\">\n\t\t\t\t\t<div id=\"elementor-tab-title-1622\" class=\"elementor-tab-title\" data-tab=\"2\" role=\"tab\" aria-controls=\"elementor-tab-content-1622\">\n\t\t\t\t\t\t\t\t\t\t\t\t\t<span class=\"elementor-accordion-icon elementor-accordion-icon-left\" aria-hidden=\"true\">\n\t\t\t\t\t\t\t\t\t\t\t\t\t\t\t<span class=\"elementor-accordion-icon-closed\"><i class=\"fas fa-plus\"><\/i><\/span>\n\t\t\t\t\t\t\t\t<span class=\"elementor-accordion-icon-opened\"><i class=\"fas fa-minus\"><\/i><\/span>\n\t\t\t\t\t\t\t\t\t\t\t\t\t\t<\/span>\n\t\t\t\t\t\t\t\t\t\t\t\t<a class=\"elementor-accordion-title\" href=\"\">Paran\u00e1<\/a>\n\t\t\t\t\t<\/div>\n\t\t\t\t\t<div id=\"elementor-tab-content-1622\" class=\"elementor-tab-content elementor-clearfix\" data-tab=\"2\" role=\"tabpanel\" aria-labelledby=\"elementor-tab-title-1622\"><p>Lista de Distribuidores Paran\u00e1<\/p><\/div>\n\t\t\t\t<\/div>\n\t\t\t\t\t\t\t<div class=\"elementor-accordion-item\">\n\t\t\t\t\t<div id=\"elementor-tab-title-1623\" class=\"elementor-tab-title\" data-tab=\"3\" role=\"tab\" aria-controls=\"elementor-tab-content-1623\">\n\t\t\t\t\t\t\t\t\t\t\t\t\t<span class=\"elementor-accordion-icon elementor-accordion-icon-left\" aria-hidden=\"true\">\n\t\t\t\t\t\t\t\t\t\t\t\t\t\t\t<span class=\"elementor-accordion-icon-closed\"><i class=\"fas fa-plus\"><\/i><\/span>\n\t\t\t\t\t\t\t\t<span class=\"elementor-accordion-icon-opened\"><i class=\"fas fa-minus\"><\/i><\/span>\n\t\t\t\t\t\t\t\t\t\t\t\t\t\t<\/span>\n\t\t\t\t\t\t\t\t\t\t\t\t<a class=\"elementor-accordion-title\" href=\"\">Mato Grosso do Sul<\/a>\n\t\t\t\t\t<\/div>\n\t\t\t\t\t<div id=\"elementor-tab-content-1623\" class=\"elementor-tab-content elementor-clearfix\" data-tab=\"3\" role=\"tabpanel\" aria-labelledby=\"elementor-tab-title-1623\"><p>Lista de Distribuidores Mato Grosso<\/p><\/div>\n\t\t\t\t<\/div>\n\t\t\t\t\t<\/div>\n\t\t\t\t<\/div>\n\t\t\t\t<\/div>\n\t\t\t\t\t\t<\/div>\n\t\t\t<\/div>\n\t\t<\/div>\n\t\t\t\t\t\t<\/div>\n\t\t\t<\/div>\n\t\t<\/section>\n\t\t\t\t<section class=\"elementor-element elementor-element-9cf4926 elementor-section-stretched elementor-section-boxed elementor-section-height-default elementor-section-height-default elementor-section elementor-top-section\" data-id=\"9cf4926\" data-element_type=\"section\" data-settings=\"{&quot;stretch_section&quot;:&quot;section-stretched&quot;}\">\n\t\t\t\t\t\t<div class=\"elementor-container elementor-column-gap-default\">\n\t\t\t\t<div class=\"elementor-row\">\n\t\t\t\t<div class=\"elementor-element elementor-element-eab1e1e elementor-column elementor-col-100 elementor-top-column\" data-id=\"eab1e1e\" data-element_type=\"column\">\n\t\t\t<div class=\"elementor-column-wrap  elementor-element-populated\">\n\t\t\t\t\t<div class=\"elementor-widget-wrap\">\n\t\t\t\t<div class=\"elementor-element elementor-element-459a6a6 elementor-invisible elementor-widget elementor-widget-image\" data-id=\"459a6a6\" data-element_type=\"widget\" data-settings=\"{&quot;_animation&quot;:&quot;slideInLeft&quot;}\" data-widget_type=\"image.default\">\n\t\t\t\t<div class=\"elementor-widget-container\">\n\t\t\t\t\t<div class=\"elementor-image\">\n\t\t\t\t\t\t\t\t\t\t<img width=\"700\" height=\"438\" src=\"http:\/\/altolim.com.br\/site\/wp-content\/uploads\/2021\/04\/caminhao-altolim.jpg\" class=\"attachment-large size-large\" alt=\"\" loading=\"lazy\" srcset=\"http:\/\/altolim.com.br\/site\/wp-content\/uploads\/2021\/04\/caminhao-altolim.jpg 700w, http:\/\/altolim.com.br\/site\/wp-content\/uploads\/2021\/04\/caminhao-altolim-300x188.jpg 300w, http:\/\/altolim.com.br\/site\/wp-content\/uploads\/2021\/04\/caminhao-altolim-600x375.jpg 600w, http:\/\/altolim.com.br\/site\/wp-content\/uploads\/2021\/04\/caminhao-altolim-256x160.jpg 256w\" sizes=\"(max-width: 700px) 100vw, 700px\" \/>\t\t\t\t\t\t\t\t\t\t\t<\/div>\n\t\t\t\t<\/div>\n\t\t\t\t<\/div>\n\t\t\t\t\t\t<\/div>\n\t\t\t<\/div>\n\t\t<\/div>\n\t\t\t\t\t\t<\/div>\n\t\t\t<\/div>\n\t\t<\/section>\n\t\t\t\t\t\t<\/div>\n\t\t\t<\/div>\n\t\t<\/div>\n\t\t","protected":false},"excerpt":{"rendered":"<p>Encontre um distribuidor mais pr\u00f3ximo de voc\u00ea S\u00e3o Paulo Lista de Distribuidores S\u00e3o Paulo Paran\u00e1 Lista de Distribuidores Paran\u00e1 Mato Grosso do Sul Lista de Distribuidores Mato Grosso<\/p>\n","protected":false},"author":1,"featured_media":0,"parent":0,"menu_order":0,"comment_status":"closed","ping_status":"closed","template":"","meta":[],"yoast_head":"<!-- This site is optimized with the Yoast SEO plugin v16.1.1 - https:\/\/yoast.com\/wordpress\/plugins\/seo\/ -->\n<title>Distribuidores | Grupo Altolim<\/title>\n<link rel=\"canonical\" href=\"http:\/\/altolim.com.br\/site\/index.php\/distribuidores\/\" \/>\n<meta property=\"og:locale\" content=\"pt_BR\" \/>\n<meta property=\"og:type\" content=\"article\" \/>\n<meta property=\"og:title\" content=\"Distribuidores | Grupo Altolim\" \/>\n<meta property=\"og:description\" content=\"Encontre um distribuidor mais pr\u00f3ximo de voc\u00ea S\u00e3o Paulo Lista de Distribuidores S\u00e3o Paulo Paran\u00e1 Lista de Distribuidores Paran\u00e1 Mato Grosso do Sul Lista de Distribuidores Mato Grosso\" \/>\n<meta property=\"og:url\" content=\"http:\/\/altolim.com.br\/site\/index.php\/distribuidores\/\" \/>\n<meta property=\"og:site_name\" content=\"Grupo Altolim\" \/>\n<meta property=\"article:publisher\" content=\"https:\/\/www.facebook.com\/altolimloja\" \/>\n<meta property=\"article:modified_time\" content=\"2021-04-13T20:59:49+00:00\" \/>\n<meta property=\"og:image\" content=\"http:\/\/altolim.com.br\/site\/wp-content\/uploads\/2021\/04\/caminhao-altolim.jpg\" \/>\n<meta name=\"twitter:card\" content=\"summary_large_image\" \/>\n<meta name=\"twitter:label1\" content=\"Est. tempo de leitura\">\n\t<meta name=\"twitter:data1\" content=\"1 minuto\">\n<script type=\"application\/ld+json\" class=\"yoast-schema-graph\">{\"@context\":\"https:\/\/schema.org\",\"@graph\":[{\"@type\":\"Organization\",\"@id\":\"https:\/\/altolim.com.br\/site\/#organization\",\"name\":\"Grupo Altolim\",\"url\":\"https:\/\/altolim.com.br\/site\/\",\"sameAs\":[\"https:\/\/www.facebook.com\/altolimloja\",\"https:\/\/www.instagram.com\/altolimloja\"],\"logo\":{\"@type\":\"ImageObject\",\"@id\":\"https:\/\/altolim.com.br\/site\/#logo\",\"inLanguage\":\"pt-BR\",\"url\":\"http:\/\/altolim.com.br\/site\/wp-content\/uploads\/2020\/04\/cropped-Logo-site.png\",\"contentUrl\":\"http:\/\/altolim.com.br\/site\/wp-content\/uploads\/2020\/04\/cropped-Logo-site.png\",\"width\":164,\"height\":56,\"caption\":\"Grupo Altolim\"},\"image\":{\"@id\":\"https:\/\/altolim.com.br\/site\/#logo\"}},{\"@type\":\"WebSite\",\"@id\":\"https:\/\/altolim.com.br\/site\/#website\",\"url\":\"https:\/\/altolim.com.br\/site\/\",\"name\":\"Grupo Altolim\",\"description\":\"Qu\\u00edmica a Favor da Vida!\",\"publisher\":{\"@id\":\"https:\/\/altolim.com.br\/site\/#organization\"},\"potentialAction\":[{\"@type\":\"SearchAction\",\"target\":\"https:\/\/altolim.com.br\/site\/?s={search_term_string}\",\"query-input\":\"required name=search_term_string\"}],\"inLanguage\":\"pt-BR\"},{\"@type\":\"ImageObject\",\"@id\":\"http:\/\/altolim.com.br\/site\/index.php\/distribuidores\/#primaryimage\",\"inLanguage\":\"pt-BR\",\"url\":\"http:\/\/altolim.com.br\/site\/wp-content\/uploads\/2021\/04\/caminhao-altolim.jpg\",\"contentUrl\":\"http:\/\/altolim.com.br\/site\/wp-content\/uploads\/2021\/04\/caminhao-altolim.jpg\",\"width\":700,\"height\":438},{\"@type\":\"WebPage\",\"@id\":\"http:\/\/altolim.com.br\/site\/index.php\/distribuidores\/#webpage\",\"url\":\"http:\/\/altolim.com.br\/site\/index.php\/distribuidores\/\",\"name\":\"Distribuidores | Grupo Altolim\",\"isPartOf\":{\"@id\":\"https:\/\/altolim.com.br\/site\/#website\"},\"primaryImageOfPage\":{\"@id\":\"http:\/\/altolim.com.br\/site\/index.php\/distribuidores\/#primaryimage\"},\"datePublished\":\"2020-07-04T14:48:19+00:00\",\"dateModified\":\"2021-04-13T20:59:49+00:00\",\"breadcrumb\":{\"@id\":\"http:\/\/altolim.com.br\/site\/index.php\/distribuidores\/#breadcrumb\"},\"inLanguage\":\"pt-BR\",\"potentialAction\":[{\"@type\":\"ReadAction\",\"target\":[\"http:\/\/altolim.com.br\/site\/index.php\/distribuidores\/\"]}]},{\"@type\":\"BreadcrumbList\",\"@id\":\"http:\/\/altolim.com.br\/site\/index.php\/distribuidores\/#breadcrumb\",\"itemListElement\":[{\"@type\":\"ListItem\",\"position\":1,\"item\":{\"@type\":\"WebPage\",\"@id\":\"https:\/\/altolim.com.br\/site\/\",\"url\":\"https:\/\/altolim.com.br\/site\/\",\"name\":\"In\\u00edcio\"}},{\"@type\":\"ListItem\",\"position\":2,\"item\":{\"@type\":\"WebPage\",\"@id\":\"http:\/\/altolim.com.br\/site\/index.php\/distribuidores\/\",\"url\":\"http:\/\/altolim.com.br\/site\/index.php\/distribuidores\/\",\"name\":\"Distribuidores\"}}]}]}<\/script>\n<!-- \/ Yoast SEO plugin. -->","_links":{"self":[{"href":"http:\/\/altolim.com.br\/site\/index.php\/wp-json\/wp\/v2\/pages\/962"}],"collection":[{"href":"http:\/\/altolim.com.br\/site\/index.php\/wp-json\/wp\/v2\/pages"}],"about":[{"href":"http:\/\/altolim.com.br\/site\/index.php\/wp-json\/wp\/v2\/types\/page"}],"author":[{"embeddable":true,"href":"http:\/\/altolim.com.br\/site\/index.php\/wp-json\/wp\/v2\/users\/1"}],"replies":[{"embeddable":true,"href":"http:\/\/altolim.com.br\/site\/index.php\/wp-json\/wp\/v2\/comments?post=962"}],"version-history":[{"count":4,"href":"http:\/\/altolim.com.br\/site\/index.php\/wp-json\/wp\/v2\/pages\/962\/revisions"}],"predecessor-version":[{"id":1199,"href":"http:\/\/altolim.com.br\/site\/index.php\/wp-json\/wp\/v2\/pages\/962\/revisions\/1199"}],"wp:attachment":[{"href":"http:\/\/altolim.com.br\/site\/index.php\/wp-json\/wp\/v2\/media?parent=962"}],"curies":[{"name":"wp","href":"https:\/\/api.w.org\/{rel}","templated":true}]}}