{"id":707,"date":"2020-04-29T10:48:57","date_gmt":"2020-04-29T13:48:57","guid":{"rendered":"http:\/\/altolim.com.br\/site?page_id=707"},"modified":"2020-07-14T16:09:45","modified_gmt":"2020-07-14T19:09:45","slug":"sobre","status":"publish","type":"page","link":"http:\/\/altolim.com.br\/site\/index.php\/sobre\/","title":{"rendered":"Sobre"},"content":{"rendered":"\t\t<div data-elementor-type=\"wp-page\" data-elementor-id=\"707\" class=\"elementor elementor-707\" data-elementor-settings=\"[]\">\n\t\t\t<div class=\"elementor-inner\">\n\t\t\t\t<div class=\"elementor-section-wrap\">\n\t\t\t\t\t\t\t<section class=\"elementor-element elementor-element-63f06ce elementor-section-stretched elementor-section-height-min-height elementor-section-boxed elementor-section-height-default elementor-section-items-middle elementor-invisible elementor-section elementor-top-section\" data-id=\"63f06ce\" data-element_type=\"section\" data-settings=\"{&quot;stretch_section&quot;:&quot;section-stretched&quot;,&quot;background_background&quot;:&quot;slideshow&quot;,&quot;background_slideshow_gallery&quot;:[{&quot;id&quot;:959,&quot;url&quot;:&quot;http:\\\/\\\/localhost\\\/site\\\/wp-content\\\/uploads\\\/2020\\\/07\\\/banner-fabrica.jpg&quot;}],&quot;animation&quot;:&quot;none&quot;,&quot;background_slideshow_loop&quot;:&quot;yes&quot;,&quot;background_slideshow_slide_duration&quot;:5000,&quot;background_slideshow_slide_transition&quot;:&quot;fade&quot;,&quot;background_slideshow_transition_duration&quot;:500}\">\n\t\t\t\t\t\t<div class=\"elementor-container elementor-column-gap-default\">\n\t\t\t\t<div class=\"elementor-row\">\n\t\t\t\t<div class=\"elementor-element elementor-element-9f8e6cb elementor-column elementor-col-100 elementor-top-column\" data-id=\"9f8e6cb\" data-element_type=\"column\">\n\t\t\t<div class=\"elementor-column-wrap  elementor-element-populated\">\n\t\t\t\t\t<div class=\"elementor-widget-wrap\">\n\t\t\t\t<div class=\"elementor-element elementor-element-9ce784c elementor-invisible elementor-widget elementor-widget-heading\" data-id=\"9ce784c\" data-element_type=\"widget\" data-settings=\"{&quot;_animation&quot;:&quot;fadeIn&quot;}\" data-widget_type=\"heading.default\">\n\t\t\t\t<div class=\"elementor-widget-container\">\n\t\t\t<h1 class=\"elementor-heading-title elementor-size-default\">Sobre o Grupo Altolim<\/h1>\t\t<\/div>\n\t\t\t\t<\/div>\n\t\t\t\t<div class=\"elementor-element elementor-element-4865952 elementor-invisible elementor-widget elementor-widget-text-editor\" data-id=\"4865952\" data-element_type=\"widget\" data-settings=\"{&quot;_animation&quot;:&quot;fadeIn&quot;}\" data-widget_type=\"text-editor.default\">\n\t\t\t\t<div class=\"elementor-widget-container\">\n\t\t\t\t\t<div class=\"elementor-text-editor elementor-clearfix\"><p>O Grupo Altolim\u00a0atua no mercado desde 1994, oferecendo produtos de alta qualidade e mantendo um atendimento din\u00e2mico e exclusivo, produzindo exclusivamente produtos para higiene e limpeza profissional, levando at\u00e9 voc\u00ea produtos\u00a0<span style=\"font-size: 16px; letter-spacing: 0.4px;\">e solu\u00e7\u00f5es para todos os segmentos de limpeza.<\/span><\/p><\/div>\n\t\t\t\t<\/div>\n\t\t\t\t<\/div>\n\t\t\t\t<div class=\"elementor-element elementor-element-94d252f elementor-invisible elementor-widget elementor-widget-text-editor\" data-id=\"94d252f\" data-element_type=\"widget\" data-settings=\"{&quot;_animation&quot;:&quot;fadeIn&quot;}\" data-widget_type=\"text-editor.default\">\n\t\t\t\t<div class=\"elementor-widget-container\">\n\t\t\t\t\t<div class=\"elementor-text-editor elementor-clearfix\"><p><span style=\"color: #333333;\">O Grupo Altolim atua h\u00e1 mais de 25 anos no mercado trabalhando com transpar\u00eancia, profissionalismo, sempre prontos para atender o mercado , oferecendo produtos de alta qualidade e solu\u00e7\u00f5es eficientes de higiene e limpeza, adequados aos mais diversos segmentos como hot\u00e9is, restaurantes, cozinhas, ind\u00fastrias de alimentos e bebidas, latic\u00ednios, hospitais, clubes, lavanderias e etc.<\/span><\/p><\/div>\n\t\t\t\t<\/div>\n\t\t\t\t<\/div>\n\t\t\t\t<div class=\"elementor-element elementor-element-5883485 elementor-invisible elementor-widget elementor-widget-text-editor\" data-id=\"5883485\" data-element_type=\"widget\" data-settings=\"{&quot;_animation&quot;:&quot;fadeIn&quot;}\" data-widget_type=\"text-editor.default\">\n\t\t\t\t<div class=\"elementor-widget-container\">\n\t\t\t\t\t<div class=\"elementor-text-editor elementor-clearfix\"><h1 style=\"margin-bottom: 0px; font-variant-ligatures: normal; font-variant-caps: normal; line-height: 1; font-family: Lato; font-style: normal;\" data-elementor-setting-key=\"title\" data-pen-placeholder=\"Digite aqui...\"><span style=\"color: #23a455;\"><span style=\"letter-spacing: normal;\">Vis\u00e3o<\/span><\/span><\/h1><\/div>\n\t\t\t\t<\/div>\n\t\t\t\t<\/div>\n\t\t\t\t<div class=\"elementor-element elementor-element-bc73b2c elementor-invisible elementor-widget elementor-widget-text-editor\" data-id=\"bc73b2c\" data-element_type=\"widget\" data-settings=\"{&quot;_animation&quot;:&quot;fadeIn&quot;}\" data-widget_type=\"text-editor.default\">\n\t\t\t\t<div class=\"elementor-widget-container\">\n\t\t\t\t\t<div class=\"elementor-text-editor elementor-clearfix\"><p>Ser percebida nacionalmente como uma empresa de refer\u00eancia em solu\u00e7\u00f5es de higiene e limpeza, atuando com qualidade, rentabilidade e responsabilidade.<\/p><\/div>\n\t\t\t\t<\/div>\n\t\t\t\t<\/div>\n\t\t\t\t<div class=\"elementor-element elementor-element-fadf460 elementor-invisible elementor-widget elementor-widget-text-editor\" data-id=\"fadf460\" data-element_type=\"widget\" data-settings=\"{&quot;_animation&quot;:&quot;fadeIn&quot;}\" data-widget_type=\"text-editor.default\">\n\t\t\t\t<div class=\"elementor-widget-container\">\n\t\t\t\t\t<div class=\"elementor-text-editor elementor-clearfix\"><h1 style=\"margin-bottom: 0px; font-variant-ligatures: normal; font-variant-caps: normal; line-height: 1; font-family: Lato; font-style: normal;\" data-elementor-setting-key=\"title\" data-pen-placeholder=\"Digite aqui...\"><span style=\"color: #23a455;\"><span style=\"letter-spacing: normal;\">Miss\u00e3o<\/span><\/span><\/h1><\/div>\n\t\t\t\t<\/div>\n\t\t\t\t<\/div>\n\t\t\t\t<div class=\"elementor-element elementor-element-9e5309b elementor-invisible elementor-widget elementor-widget-text-editor\" data-id=\"9e5309b\" data-element_type=\"widget\" data-settings=\"{&quot;_animation&quot;:&quot;fadeIn&quot;}\" data-widget_type=\"text-editor.default\">\n\t\t\t\t<div class=\"elementor-widget-container\">\n\t\t\t\t\t<div class=\"elementor-text-editor elementor-clearfix\"><p>Fornecer produtos com qualidade e responsabilidade, de forma \u00e1gil e competente, assegurando rentabilidade, satisfa\u00e7\u00e3o para os clientes e a valoriza\u00e7\u00e3o dos colaboradores.<\/p><\/div>\n\t\t\t\t<\/div>\n\t\t\t\t<\/div>\n\t\t\t\t\t\t<\/div>\n\t\t\t<\/div>\n\t\t<\/div>\n\t\t\t\t\t\t<\/div>\n\t\t\t<\/div>\n\t\t<\/section>\n\t\t\t\t\t\t<\/div>\n\t\t\t<\/div>\n\t\t<\/div>\n\t\t","protected":false},"excerpt":{"rendered":"<p>Sobre o Grupo Altolim O Grupo Altolim\u00a0atua no mercado desde 1994, oferecendo produtos de alta qualidade e mantendo um atendimento din\u00e2mico e exclusivo, produzindo exclusivamente produtos para higiene e limpeza profissional, levando at\u00e9 voc\u00ea produtos\u00a0e solu\u00e7\u00f5es para todos os segmentos de limpeza. O Grupo Altolim atua h\u00e1 mais de 25 anos no mercado trabalhando com [&hellip;]<\/p>\n","protected":false},"author":1,"featured_media":0,"parent":0,"menu_order":0,"comment_status":"closed","ping_status":"closed","template":"","meta":[],"yoast_head":"<!-- This site is optimized with the Yoast SEO plugin v16.1.1 - https:\/\/yoast.com\/wordpress\/plugins\/seo\/ -->\n<title>Sobre | Grupo Altolim<\/title>\n<link rel=\"canonical\" href=\"https:\/\/altolim.com.br\/site\/index.php\/sobre\/\" \/>\n<meta property=\"og:locale\" content=\"pt_BR\" \/>\n<meta property=\"og:type\" content=\"article\" \/>\n<meta property=\"og:title\" content=\"Sobre | Grupo Altolim\" \/>\n<meta property=\"og:description\" content=\"Sobre o Grupo Altolim O Grupo Altolim\u00a0atua no mercado desde 1994, oferecendo produtos de alta qualidade e mantendo um atendimento din\u00e2mico e exclusivo, produzindo exclusivamente produtos para higiene e limpeza profissional, levando at\u00e9 voc\u00ea produtos\u00a0e solu\u00e7\u00f5es para todos os segmentos de limpeza. O Grupo Altolim atua h\u00e1 mais de 25 anos no mercado trabalhando com [&hellip;]\" \/>\n<meta property=\"og:url\" content=\"https:\/\/altolim.com.br\/site\/index.php\/sobre\/\" \/>\n<meta property=\"og:site_name\" content=\"Grupo Altolim\" \/>\n<meta property=\"article:publisher\" content=\"https:\/\/www.facebook.com\/altolimloja\" \/>\n<meta property=\"article:modified_time\" content=\"2020-07-14T19:09:45+00:00\" \/>\n<meta name=\"twitter:card\" content=\"summary_large_image\" \/>\n<meta name=\"twitter:label1\" content=\"Est. tempo de leitura\">\n\t<meta name=\"twitter:data1\" content=\"1 minuto\">\n<script type=\"application\/ld+json\" class=\"yoast-schema-graph\">{\"@context\":\"https:\/\/schema.org\",\"@graph\":[{\"@type\":\"Organization\",\"@id\":\"https:\/\/altolim.com.br\/site\/#organization\",\"name\":\"Grupo Altolim\",\"url\":\"https:\/\/altolim.com.br\/site\/\",\"sameAs\":[\"https:\/\/www.facebook.com\/altolimloja\",\"https:\/\/www.instagram.com\/altolimloja\"],\"logo\":{\"@type\":\"ImageObject\",\"@id\":\"https:\/\/altolim.com.br\/site\/#logo\",\"inLanguage\":\"pt-BR\",\"url\":\"http:\/\/altolim.com.br\/site\/wp-content\/uploads\/2020\/04\/cropped-Logo-site.png\",\"contentUrl\":\"http:\/\/altolim.com.br\/site\/wp-content\/uploads\/2020\/04\/cropped-Logo-site.png\",\"width\":164,\"height\":56,\"caption\":\"Grupo Altolim\"},\"image\":{\"@id\":\"https:\/\/altolim.com.br\/site\/#logo\"}},{\"@type\":\"WebSite\",\"@id\":\"https:\/\/altolim.com.br\/site\/#website\",\"url\":\"https:\/\/altolim.com.br\/site\/\",\"name\":\"Grupo Altolim\",\"description\":\"Qu\\u00edmica a Favor da Vida!\",\"publisher\":{\"@id\":\"https:\/\/altolim.com.br\/site\/#organization\"},\"potentialAction\":[{\"@type\":\"SearchAction\",\"target\":\"https:\/\/altolim.com.br\/site\/?s={search_term_string}\",\"query-input\":\"required name=search_term_string\"}],\"inLanguage\":\"pt-BR\"},{\"@type\":\"WebPage\",\"@id\":\"https:\/\/altolim.com.br\/site\/index.php\/sobre\/#webpage\",\"url\":\"https:\/\/altolim.com.br\/site\/index.php\/sobre\/\",\"name\":\"Sobre | Grupo Altolim\",\"isPartOf\":{\"@id\":\"https:\/\/altolim.com.br\/site\/#website\"},\"datePublished\":\"2020-04-29T13:48:57+00:00\",\"dateModified\":\"2020-07-14T19:09:45+00:00\",\"breadcrumb\":{\"@id\":\"https:\/\/altolim.com.br\/site\/index.php\/sobre\/#breadcrumb\"},\"inLanguage\":\"pt-BR\",\"potentialAction\":[{\"@type\":\"ReadAction\",\"target\":[\"https:\/\/altolim.com.br\/site\/index.php\/sobre\/\"]}]},{\"@type\":\"BreadcrumbList\",\"@id\":\"https:\/\/altolim.com.br\/site\/index.php\/sobre\/#breadcrumb\",\"itemListElement\":[{\"@type\":\"ListItem\",\"position\":1,\"item\":{\"@type\":\"WebPage\",\"@id\":\"https:\/\/altolim.com.br\/site\/\",\"url\":\"https:\/\/altolim.com.br\/site\/\",\"name\":\"In\\u00edcio\"}},{\"@type\":\"ListItem\",\"position\":2,\"item\":{\"@type\":\"WebPage\",\"@id\":\"https:\/\/altolim.com.br\/site\/index.php\/sobre\/\",\"url\":\"https:\/\/altolim.com.br\/site\/index.php\/sobre\/\",\"name\":\"Sobre\"}}]}]}<\/script>\n<!-- \/ Yoast SEO plugin. -->","_links":{"self":[{"href":"http:\/\/altolim.com.br\/site\/index.php\/wp-json\/wp\/v2\/pages\/707"}],"collection":[{"href":"http:\/\/altolim.com.br\/site\/index.php\/wp-json\/wp\/v2\/pages"}],"about":[{"href":"http:\/\/altolim.com.br\/site\/index.php\/wp-json\/wp\/v2\/types\/page"}],"author":[{"embeddable":true,"href":"http:\/\/altolim.com.br\/site\/index.php\/wp-json\/wp\/v2\/users\/1"}],"replies":[{"embeddable":true,"href":"http:\/\/altolim.com.br\/site\/index.php\/wp-json\/wp\/v2\/comments?post=707"}],"version-history":[{"count":3,"href":"http:\/\/altolim.com.br\/site\/index.php\/wp-json\/wp\/v2\/pages\/707\/revisions"}],"predecessor-version":[{"id":998,"href":"http:\/\/altolim.com.br\/site\/index.php\/wp-json\/wp\/v2\/pages\/707\/revisions\/998"}],"wp:attachment":[{"href":"http:\/\/altolim.com.br\/site\/index.php\/wp-json\/wp\/v2\/media?parent=707"}],"curies":[{"name":"wp","href":"https:\/\/api.w.org\/{rel}","templated":true}]}}