{"id":1126,"date":"2021-04-12T12:49:08","date_gmt":"2021-04-12T15:49:08","guid":{"rendered":"http:\/\/altolim.com.br\/site\/index.php\/industria-copy\/"},"modified":"2021-04-19T17:34:38","modified_gmt":"2021-04-19T20:34:38","slug":"altolim-centro","status":"publish","type":"page","link":"http:\/\/altolim.com.br\/site\/index.php\/altolim-centro\/","title":{"rendered":"Altolim Centro"},"content":{"rendered":"\t\t<div data-elementor-type=\"wp-page\" data-elementor-id=\"1126\" class=\"elementor elementor-1126\" data-elementor-settings=\"[]\">\n\t\t\t<div class=\"elementor-inner\">\n\t\t\t\t<div class=\"elementor-section-wrap\">\n\t\t\t\t\t\t\t<section class=\"elementor-element elementor-element-88e9613 elementor-section-boxed elementor-section-height-default elementor-section-height-default elementor-section elementor-top-section\" data-id=\"88e9613\" data-element_type=\"section\">\n\t\t\t\t\t\t<div class=\"elementor-container elementor-column-gap-default\">\n\t\t\t\t<div class=\"elementor-row\">\n\t\t\t\t<div class=\"elementor-element elementor-element-76cac6e elementor-column elementor-col-50 elementor-top-column\" data-id=\"76cac6e\" data-element_type=\"column\">\n\t\t\t<div class=\"elementor-column-wrap  elementor-element-populated\">\n\t\t\t\t\t<div class=\"elementor-widget-wrap\">\n\t\t\t\t<div class=\"elementor-element elementor-element-a7af95c elementor-invisible elementor-widget elementor-widget-wp-widget-ocean_contact_info\" data-id=\"a7af95c\" data-element_type=\"widget\" data-settings=\"{&quot;_animation&quot;:&quot;fadeInUp&quot;}\" data-widget_type=\"wp-widget-ocean_contact_info.default\">\n\t\t\t\t<div class=\"elementor-widget-container\">\n\t\t\t<h5>Entre em contato conosco<\/h5><ul class=\"contact-info-widget default\"><li class=\"address\"><i class=\"icon-location-pin\"><\/i><div class=\"oceanwp-info-wrap\"><span class=\"oceanwp-contact-title\">Localiza\u00e7\u00e3o<\/span><a href=\"https:\/\/maps.google.com\/maps\/search\/Altolim\/@-22.661052703857422,-50.40465545654297,17z?hl=pt-BR\" target=\"_self\"><span class=\"oceanwp-contact-text\">Av. Otto Ribeiro, 1135 - Centro, Assis - SP<\/span><\/a><\/div><\/li><li class=\"phone\"><i class=\"icon-phone\"><\/i><div class=\"oceanwp-info-wrap\"><span class=\"oceanwp-contact-title\">Telefone:<\/span><a href=\"tel:1833023434\"><span class=\"oceanwp-contact-text\">(18)3302-3434<\/span><\/a><\/div><\/li><li class=\"email\"><i class=\"icon-envelope\"><\/i><div class=\"oceanwp-info-wrap\"><span class=\"oceanwp-contact-title\">Email:<\/span><span class=\"oceanwp-contact-text\"><a href=\"mailto:altol&#105;&#109;lojavi&#099;&#101;&#110;te&#064;ho&#116;&#109;a&#105;&#108;&#046;&#099;&#111;&#109;\">altolimlojavicente@hotmail.com<\/a><\/span><\/div><\/li><li class=\"web\"><i class=\"icon-screen-smartphone\"><\/i><div class=\"oceanwp-info-wrap\"><span class=\"oceanwp-contact-title\">Celular\/Whatsapp<\/span><span class=\"oceanwp-contact-text\"><a href=\"http:\/\/bit.ly\/18-99722-2944\" target=\"_self\">(18)99722-2944<\/a><\/span><\/div><\/li><\/ul>\t\t<\/div>\n\t\t\t\t<\/div>\n\t\t\t\t\t\t<\/div>\n\t\t\t<\/div>\n\t\t<\/div>\n\t\t\t\t<div class=\"elementor-element elementor-element-8e3b379 elementor-column elementor-col-50 elementor-top-column\" data-id=\"8e3b379\" data-element_type=\"column\">\n\t\t\t<div class=\"elementor-column-wrap  elementor-element-populated\">\n\t\t\t\t\t<div class=\"elementor-widget-wrap\">\n\t\t\t\t<div class=\"elementor-element elementor-element-hn96dpo elementor-invisible elementor-widget elementor-widget-google_maps\" data-id=\"hn96dpo\" data-element_type=\"widget\" data-settings=\"{&quot;_animation&quot;:&quot;fadeInUp&quot;}\" data-widget_type=\"google_maps.default\">\n\t\t\t\t<div class=\"elementor-widget-container\">\n\t\t\t<div class=\"elementor-custom-embed\"><iframe frameborder=\"0\" scrolling=\"no\" marginheight=\"0\" marginwidth=\"0\" src=\"https:\/\/maps.google.com\/maps?q=Altolim%20Loja%20Otto%20Ribeiro&amp;t=m&amp;z=15&amp;output=embed&amp;iwloc=near\" aria-label=\"Altolim Loja Otto Ribeiro\"><\/iframe><\/div>\t\t<\/div>\n\t\t\t\t<\/div>\n\t\t\t\t\t\t<\/div>\n\t\t\t<\/div>\n\t\t<\/div>\n\t\t\t\t\t\t<\/div>\n\t\t\t<\/div>\n\t\t<\/section>\n\t\t\t\t<section class=\"elementor-element elementor-element-h7lkucv elementor-section-boxed elementor-section-height-default elementor-section-height-default elementor-section elementor-top-section\" data-id=\"h7lkucv\" data-element_type=\"section\">\n\t\t\t\t\t\t<div class=\"elementor-container elementor-column-gap-default\">\n\t\t\t\t<div class=\"elementor-row\">\n\t\t\t\t<div class=\"elementor-element elementor-element-te0vfxj elementor-invisible elementor-column elementor-col-50 elementor-top-column\" data-id=\"te0vfxj\" data-element_type=\"column\" data-settings=\"{&quot;animation&quot;:&quot;fadeInUp&quot;}\">\n\t\t\t<div class=\"elementor-column-wrap  elementor-element-populated\">\n\t\t\t\t\t<div class=\"elementor-widget-wrap\">\n\t\t\t\t<div class=\"elementor-element elementor-element-hlsfe4q elementor-widget elementor-widget-spacer\" data-id=\"hlsfe4q\" data-element_type=\"widget\" data-widget_type=\"spacer.default\">\n\t\t\t\t<div class=\"elementor-widget-container\">\n\t\t\t\t\t<div class=\"elementor-spacer\">\n\t\t\t<div class=\"elementor-spacer-inner\"><\/div>\n\t\t<\/div>\n\t\t\t\t<\/div>\n\t\t\t\t<\/div>\n\t\t\t\t<div class=\"elementor-element elementor-element-798f78a elementor-invisible elementor-widget elementor-widget-heading\" data-id=\"798f78a\" data-element_type=\"widget\" data-settings=\"{&quot;_animation&quot;:&quot;fadeInUp&quot;}\" data-widget_type=\"heading.default\">\n\t\t\t\t<div class=\"elementor-widget-container\">\n\t\t\t<h5 class=\"elementor-heading-title elementor-size-small\">PARA D\u00daVIDAS, SUGEST\u00d5ES, PEDIDOS, ENTRE EM CONTATO CONOSCO, SER\u00c1 UM PRAZER ATEND\u00ca-LO.<\/h5>\t\t<\/div>\n\t\t\t\t<\/div>\n\t\t\t\t\t\t<\/div>\n\t\t\t<\/div>\n\t\t<\/div>\n\t\t\t\t<div class=\"elementor-element elementor-element-13d9ngd elementor-invisible elementor-column elementor-col-50 elementor-top-column\" data-id=\"13d9ngd\" data-element_type=\"column\" data-settings=\"{&quot;animation&quot;:&quot;fadeInUp&quot;}\">\n\t\t\t<div class=\"elementor-column-wrap  elementor-element-populated\">\n\t\t\t\t\t<div class=\"elementor-widget-wrap\">\n\t\t\t\t<div class=\"elementor-element elementor-element-08bcd81 elementor-invisible elementor-widget elementor-widget-shortcode\" data-id=\"08bcd81\" data-element_type=\"widget\" data-settings=\"{&quot;_animation&quot;:&quot;fadeInUp&quot;}\" data-widget_type=\"shortcode.default\">\n\t\t\t\t<div class=\"elementor-widget-container\">\n\t\t\t\t\t<div class=\"elementor-shortcode\"><div class=\"wpforms-container wpforms-container-full\" id=\"wpforms-1135\"><form id=\"wpforms-form-1135\" class=\"wpforms-validate wpforms-form\" data-formid=\"1135\" method=\"post\" enctype=\"multipart\/form-data\" action=\"\/site\/index.php\/wp-json\/wp\/v2\/pages\/1126\"><noscript class=\"wpforms-error-noscript\">Please enable JavaScript in your browser to complete this form.<\/noscript><div class=\"wpforms-field-container\"><div id=\"wpforms-1135-field_2-container\" class=\"wpforms-field wpforms-field-name\" data-field-id=\"2\"><label class=\"wpforms-field-label\" for=\"wpforms-1135-field_2\">Nome <span class=\"wpforms-required-label\">*<\/span><\/label><div class=\"wpforms-field-row wpforms-field-medium\"><div class=\"wpforms-field-row-block wpforms-first wpforms-one-half\"><input type=\"text\" id=\"wpforms-1135-field_2\" class=\"wpforms-field-name-first wpforms-field-required\" name=\"wpforms[fields][2][first]\" required><label for=\"wpforms-1135-field_2\" class=\"wpforms-field-sublabel after \">Nome<\/label><\/div><div class=\"wpforms-field-row-block wpforms-one-half\"><input type=\"text\" id=\"wpforms-1135-field_2-last\" class=\"wpforms-field-name-last wpforms-field-required\" name=\"wpforms[fields][2][last]\" required><label for=\"wpforms-1135-field_2-last\" class=\"wpforms-field-sublabel after \">Sobrenome<\/label><\/div><\/div><\/div><div id=\"wpforms-1135-field_3-container\" class=\"wpforms-field wpforms-field-email\" data-field-id=\"3\"><label class=\"wpforms-field-label\" for=\"wpforms-1135-field_3\">E-mail <span class=\"wpforms-required-label\">*<\/span><\/label><input type=\"email\" id=\"wpforms-1135-field_3\" class=\"wpforms-field-medium wpforms-field-required\" name=\"wpforms[fields][3]\" required><\/div><div id=\"wpforms-1135-field_4-container\" class=\"wpforms-field wpforms-field-number\" data-field-id=\"4\"><label class=\"wpforms-field-label\" for=\"wpforms-1135-field_4\">Telefone <span class=\"wpforms-required-label\">*<\/span><\/label><input type=\"number\" pattern=\"\\d*\" id=\"wpforms-1135-field_4\" class=\"wpforms-field-medium wpforms-field-required\" name=\"wpforms[fields][4]\" required><\/div><div id=\"wpforms-1135-field_5-container\" class=\"wpforms-field wpforms-field-text\" data-field-id=\"5\"><label class=\"wpforms-field-label\" for=\"wpforms-1135-field_5\">Mensagem <span class=\"wpforms-required-label\">*<\/span><\/label><input type=\"text\" id=\"wpforms-1135-field_5\" class=\"wpforms-field-large wpforms-field-required\" name=\"wpforms[fields][5]\" required><div class=\"wpforms-field-description\">Digite aqui sua mensagem<\/div><\/div><\/div><div class=\"wpforms-field wpforms-field-hp\"><label for=\"wpforms-1135-field-hp\" class=\"wpforms-field-label\">Name<\/label><input type=\"text\" name=\"wpforms[hp]\" id=\"wpforms-1135-field-hp\" class=\"wpforms-field-medium\"><\/div><div class=\"wpforms-submit-container\" ><input type=\"hidden\" name=\"wpforms[id]\" value=\"1135\"><input type=\"hidden\" name=\"wpforms[author]\" value=\"1\"><button type=\"submit\" name=\"wpforms[submit]\" class=\"wpforms-submit \" id=\"wpforms-submit-1135\" value=\"wpforms-submit\" aria-live=\"assertive\" data-alt-text=\"Enviando...\" data-submit-text=\"Enviar\">Enviar<\/button><\/div><\/form><\/div>  <!-- .wpforms-container --><\/div>\n\t\t\t\t<\/div>\n\t\t\t\t<\/div>\n\t\t\t\t\t\t<\/div>\n\t\t\t<\/div>\n\t\t<\/div>\n\t\t\t\t\t\t<\/div>\n\t\t\t<\/div>\n\t\t<\/section>\n\t\t\t\t\t\t<\/div>\n\t\t\t<\/div>\n\t\t<\/div>\n\t\t","protected":false},"excerpt":{"rendered":"<p>PARA D\u00daVIDAS, SUGEST\u00d5ES, PEDIDOS, ENTRE EM CONTATO CONOSCO, SER\u00c1 UM PRAZER ATEND\u00ca-LO.<\/p>\n","protected":false},"author":1,"featured_media":0,"parent":0,"menu_order":0,"comment_status":"closed","ping_status":"closed","template":"","meta":[],"yoast_head":"<!-- This site is optimized with the Yoast SEO plugin v16.1.1 - https:\/\/yoast.com\/wordpress\/plugins\/seo\/ -->\n<title>Altolim Centro | Grupo Altolim<\/title>\n<link rel=\"canonical\" href=\"https:\/\/altolim.com.br\/site\/index.php\/altolim-centro\/\" \/>\n<meta property=\"og:locale\" content=\"pt_BR\" \/>\n<meta property=\"og:type\" content=\"article\" \/>\n<meta property=\"og:title\" content=\"Altolim Centro | Grupo Altolim\" \/>\n<meta property=\"og:description\" content=\"PARA D\u00daVIDAS, SUGEST\u00d5ES, PEDIDOS, ENTRE EM CONTATO CONOSCO, SER\u00c1 UM PRAZER ATEND\u00ca-LO.\" \/>\n<meta property=\"og:url\" content=\"https:\/\/altolim.com.br\/site\/index.php\/altolim-centro\/\" \/>\n<meta property=\"og:site_name\" content=\"Grupo Altolim\" \/>\n<meta property=\"article:publisher\" content=\"https:\/\/www.facebook.com\/altolimloja\" \/>\n<meta property=\"article:modified_time\" content=\"2021-04-19T20:34:38+00:00\" \/>\n<meta name=\"twitter:card\" content=\"summary_large_image\" \/>\n<meta name=\"twitter:label1\" content=\"Est. tempo de leitura\">\n\t<meta name=\"twitter:data1\" content=\"1 minuto\">\n<script type=\"application\/ld+json\" class=\"yoast-schema-graph\">{\"@context\":\"https:\/\/schema.org\",\"@graph\":[{\"@type\":\"Organization\",\"@id\":\"https:\/\/altolim.com.br\/site\/#organization\",\"name\":\"Grupo Altolim\",\"url\":\"https:\/\/altolim.com.br\/site\/\",\"sameAs\":[\"https:\/\/www.facebook.com\/altolimloja\",\"https:\/\/www.instagram.com\/altolimloja\"],\"logo\":{\"@type\":\"ImageObject\",\"@id\":\"https:\/\/altolim.com.br\/site\/#logo\",\"inLanguage\":\"pt-BR\",\"url\":\"http:\/\/altolim.com.br\/site\/wp-content\/uploads\/2020\/04\/cropped-Logo-site.png\",\"contentUrl\":\"http:\/\/altolim.com.br\/site\/wp-content\/uploads\/2020\/04\/cropped-Logo-site.png\",\"width\":164,\"height\":56,\"caption\":\"Grupo Altolim\"},\"image\":{\"@id\":\"https:\/\/altolim.com.br\/site\/#logo\"}},{\"@type\":\"WebSite\",\"@id\":\"https:\/\/altolim.com.br\/site\/#website\",\"url\":\"https:\/\/altolim.com.br\/site\/\",\"name\":\"Grupo Altolim\",\"description\":\"Qu\\u00edmica a Favor da Vida!\",\"publisher\":{\"@id\":\"https:\/\/altolim.com.br\/site\/#organization\"},\"potentialAction\":[{\"@type\":\"SearchAction\",\"target\":\"https:\/\/altolim.com.br\/site\/?s={search_term_string}\",\"query-input\":\"required name=search_term_string\"}],\"inLanguage\":\"pt-BR\"},{\"@type\":\"WebPage\",\"@id\":\"https:\/\/altolim.com.br\/site\/index.php\/altolim-centro\/#webpage\",\"url\":\"https:\/\/altolim.com.br\/site\/index.php\/altolim-centro\/\",\"name\":\"Altolim Centro | Grupo Altolim\",\"isPartOf\":{\"@id\":\"https:\/\/altolim.com.br\/site\/#website\"},\"datePublished\":\"2021-04-12T15:49:08+00:00\",\"dateModified\":\"2021-04-19T20:34:38+00:00\",\"breadcrumb\":{\"@id\":\"https:\/\/altolim.com.br\/site\/index.php\/altolim-centro\/#breadcrumb\"},\"inLanguage\":\"pt-BR\",\"potentialAction\":[{\"@type\":\"ReadAction\",\"target\":[\"https:\/\/altolim.com.br\/site\/index.php\/altolim-centro\/\"]}]},{\"@type\":\"BreadcrumbList\",\"@id\":\"https:\/\/altolim.com.br\/site\/index.php\/altolim-centro\/#breadcrumb\",\"itemListElement\":[{\"@type\":\"ListItem\",\"position\":1,\"item\":{\"@type\":\"WebPage\",\"@id\":\"https:\/\/altolim.com.br\/site\/\",\"url\":\"https:\/\/altolim.com.br\/site\/\",\"name\":\"In\\u00edcio\"}},{\"@type\":\"ListItem\",\"position\":2,\"item\":{\"@type\":\"WebPage\",\"@id\":\"https:\/\/altolim.com.br\/site\/index.php\/altolim-centro\/\",\"url\":\"https:\/\/altolim.com.br\/site\/index.php\/altolim-centro\/\",\"name\":\"Altolim Centro\"}}]}]}<\/script>\n<!-- \/ Yoast SEO plugin. -->","_links":{"self":[{"href":"http:\/\/altolim.com.br\/site\/index.php\/wp-json\/wp\/v2\/pages\/1126"}],"collection":[{"href":"http:\/\/altolim.com.br\/site\/index.php\/wp-json\/wp\/v2\/pages"}],"about":[{"href":"http:\/\/altolim.com.br\/site\/index.php\/wp-json\/wp\/v2\/types\/page"}],"author":[{"embeddable":true,"href":"http:\/\/altolim.com.br\/site\/index.php\/wp-json\/wp\/v2\/users\/1"}],"replies":[{"embeddable":true,"href":"http:\/\/altolim.com.br\/site\/index.php\/wp-json\/wp\/v2\/comments?post=1126"}],"version-history":[{"count":5,"href":"http:\/\/altolim.com.br\/site\/index.php\/wp-json\/wp\/v2\/pages\/1126\/revisions"}],"predecessor-version":[{"id":1215,"href":"http:\/\/altolim.com.br\/site\/index.php\/wp-json\/wp\/v2\/pages\/1126\/revisions\/1215"}],"wp:attachment":[{"href":"http:\/\/altolim.com.br\/site\/index.php\/wp-json\/wp\/v2\/media?parent=1126"}],"curies":[{"name":"wp","href":"https:\/\/api.w.org\/{rel}","templated":true}]}}